{"id":2292,"date":"2024-07-14T08:47:56","date_gmt":"2024-07-14T08:47:56","guid":{"rendered":"https:\/\/wordpress.themeholy.com\/rakar\/?page_id=31"},"modified":"2025-02-10T23:37:04","modified_gmt":"2025-02-10T23:37:04","slug":"about","status":"publish","type":"page","link":"https:\/\/mrcguvenlik.com\/?page_id=2292","title":{"rendered":"Hakk\u0131m\u0131zda"},"content":{"rendered":"\t\t<div data-elementor-type=\"wp-page\" data-elementor-id=\"2292\" class=\"elementor elementor-2292\">\n\t\t\t\t\r\n<div class=\"elementor-element elementor-element-00d41d8 e-flex e-con-boxed e-con e-parent\" data-id=\"00d41d8\" data-element_type=\"container\" data-settings=\"{&quot;background_background&quot;:&quot;classic&quot;}\">\n\t\t\t\t\t<div class=\"e-con-inner\">\n\t\t<div class=\"elementor-element elementor-element-36ac6ff e-con-full e-flex e-con e-child\" data-id=\"36ac6ff\" data-element_type=\"container\">\n\t\t\t\t<div class=\"elementor-element elementor-element-c4d613e elementor-widget elementor-widget-rakarsectiontitle\" data-id=\"c4d613e\" data-element_type=\"widget\" data-widget_type=\"rakarsectiontitle.default\">\n\t\t\t\t<div class=\"elementor-widget-container\">\n\t\t\t\t\t\t\t<div class=\"title-area text-left \">\r\n\t\t\t<span class=\"sub-title \"><span class=\"line\"><\/span><img decoding=\"async\" src=\"https:\/\/mrcguvenlik.com\/wp-content\/plugins\/rakar-core\/assets\/img\/title_icon2.svg\" alt=\"Shape\">Hakk\u0131m\u0131zda<\/span><h2 class=\"sec-title \">MRC \u00d6zel G\u00fcvenlik Kursu ile Gelece\u011finize G\u00fcvenle Ad\u0131m At\u0131n<\/h2><p>MRC \u00d6zel G\u00fcvenlik Kursu olarak profesyonel g\u00fcvenlik e\u011fitimleri sunuyoruz. \u00d6zel g\u00fcvenlik sekt\u00f6r\u00fcnde kariyer yapmak isteyenler i\u00e7in en kaliteli ve g\u00fcncel e\u011fitim programlar\u0131 ile yan\u0131n\u0131zday\u0131z.<\/p>\t\t<\/div>\r\n\r\n\t\t\t\t\t<\/div>\n\t\t\t\t<\/div>\n\t\t\t\t<div class=\"elementor-element elementor-element-13df23c elementor-widget elementor-widget-html\" data-id=\"13df23c\" data-element_type=\"widget\" data-widget_type=\"html.default\">\n\t\t\t\t<div class=\"elementor-widget-container\">\n\t\t\t\t\t<div class=\"checklist\">\r\n<ul>\r\n    <li>Uygulamal\u0131 E\u011fitim Programlar\u0131<\/li>\r\n    <li>Uzman E\u011fitmen Kadrosu<\/li>\r\n    <li>Uygulamal\u0131 E\u011fitim Programlar\u0131<\/li>\r\n<\/ul>\r\n<\/div>\t\t\t\t<\/div>\n\t\t\t\t<\/div>\n\t\t<div class=\"elementor-element elementor-element-ce00ca3 e-con-full e-flex e-con e-child\" data-id=\"ce00ca3\" data-element_type=\"container\">\n\t\t\t\t<div class=\"elementor-element elementor-element-e9d1a26 elementor-widget elementor-widget-rakarbutton\" data-id=\"e9d1a26\" data-element_type=\"widget\" data-widget_type=\"rakarbutton.default\">\n\t\t\t\t<div class=\"elementor-widget-container\">\n\t\t\t\t\t<div class=\"btn-wrapper\"><a class=\"th-btn th_btn style4\" href=\"https:\/\/mrcguvenlik.com\/?page_id=2293\">Hizmetlerimiz<i class=\"far fa-arrow-right\"><\/i><\/a><\/div>\t\t\t\t<\/div>\n\t\t\t\t<\/div>\n\t\t\t\t<div class=\"elementor-element elementor-element-b547d92 elementor-widget elementor-widget-html\" data-id=\"b547d92\" data-element_type=\"widget\" data-widget_type=\"html.default\">\n\t\t\t\t<div class=\"elementor-widget-container\">\n\t\t\t\t\t<div class=\"call-btn\">\r\n<div class=\"play-btn\">\r\n<i class=\"fal fa-phone\"><\/i>\r\n<\/div>\r\n<div class=\"media-body\">\r\n<p class=\"box-label\">Bizi Aray\u0131n 24\/7<\/p>\r\n<h6 class=\"box-link\"><a href=\"tel:+0123456789\">+90 555 801 01 00<\/a><\/h6>\r\n<\/div>\r\n<\/div>\t\t\t\t<\/div>\n\t\t\t\t<\/div>\n\t\t\t\t<\/div>\n\t\t\t\t<\/div>\n\t\t<div class=\"elementor-element elementor-element-c65aa33 e-con-full e-flex e-con e-child\" data-id=\"c65aa33\" data-element_type=\"container\">\n\t\t\t\t<div class=\"elementor-element elementor-element-3e63e89 elementor-widget elementor-widget-rakarimage\" data-id=\"3e63e89\" data-element_type=\"widget\" data-widget_type=\"rakarimage.default\">\n\t\t\t\t<div class=\"elementor-widget-container\">\n\t\t\t\t\t<div class=\"rounded-img1\"><img decoding=\"async\" src=\"https:\/\/mrcguvenlik.com\/wp-content\/uploads\/2025\/02\/z6.jpg\" alt=\"z6\"  \/><\/div>\t\t\t\t<\/div>\n\t\t\t\t<\/div>\n\t\t\t\t<\/div>\n\t\t<div class=\"elementor-element elementor-element-b680789 e-con-full e-flex e-con e-child\" data-id=\"b680789\" data-element_type=\"container\">\n\t\t\t\t<div class=\"elementor-element elementor-element-5e5ca9a elementor-widget elementor-widget-rakarfeatures\" data-id=\"5e5ca9a\" data-element_type=\"widget\" data-widget_type=\"rakarfeatures.default\">\n\t\t\t\t<div class=\"elementor-widget-container\">\n\t\t\t\t\t<div class=\"contact-process-wrap no-bg\"><div class=\"contact-process\"><div class=\"box-number\">01<\/div><div class=\"media-body\"><h3 class=\"box-title\">H\u0131zl\u0131 ba\u015fvuru.<\/h3><p class=\"box-text\">Kolay ve h\u0131zl\u0131 online ba\u015fvuru imkan\u0131.<\/p><\/div><\/div><div class=\"contact-process\"><div class=\"box-number\">02<\/div><div class=\"media-body\"><h3 class=\"box-title\">Detayl\u0131 E\u011fitim Plan\u0131:<\/h3><p class=\"box-text\">Size en uygun e\u011fitim program\u0131n\u0131 belirliyoruz.<\/p><\/div><\/div><div class=\"contact-process\"><div class=\"box-number\">03<\/div><div class=\"media-body\"><h3 class=\"box-title\">Sertifikasyon S\u00fcreci:<\/h3><p class=\"box-text\">Ba\u015far\u0131l\u0131 tamamlad\u0131\u011f\u0131n\u0131zda resmi sertifikan\u0131z\u0131 al\u0131yorsunuz.<\/p><\/div><\/div><\/div>\t\t\t\t<\/div>\n\t\t\t\t<\/div>\n\t\t\t\t<\/div>\n\t\t\t\t\t<\/div>\n\t\t\t\t<\/div>\n\t\t<div class=\"elementor-element elementor-element-823d3c9 e-flex e-con-boxed e-con e-parent\" data-id=\"823d3c9\" data-element_type=\"container\" data-settings=\"{&quot;background_background&quot;:&quot;classic&quot;}\">\n\t\t\t\t\t<div class=\"e-con-inner\">\n\t\t<div class=\"elementor-element elementor-element-cb3681b e-con-full e-flex e-con e-child\" data-id=\"cb3681b\" data-element_type=\"container\">\n\t\t<div class=\"elementor-element elementor-element-dbfdeb2 e-con-full e-flex e-con e-child\" data-id=\"dbfdeb2\" data-element_type=\"container\">\n\t\t\t\t<div class=\"elementor-element elementor-element-97cefdc elementor-widget elementor-widget-image\" data-id=\"97cefdc\" data-element_type=\"widget\" data-widget_type=\"image.default\">\n\t\t\t\t<div class=\"elementor-widget-container\">\n\t\t\t\t\t\t\t\t\t\t\t\t\t\t\t<img fetchpriority=\"high\" decoding=\"async\" width=\"751\" height=\"659\" src=\"https:\/\/mrcguvenlik.com\/wp-content\/uploads\/2025\/02\/z6-1024x899.jpg\" class=\"attachment-large size-large wp-image-2345\" alt=\"\" srcset=\"https:\/\/mrcguvenlik.com\/wp-content\/uploads\/2025\/02\/z6-1024x899.jpg 1024w, https:\/\/mrcguvenlik.com\/wp-content\/uploads\/2025\/02\/z6-300x263.jpg 300w, https:\/\/mrcguvenlik.com\/wp-content\/uploads\/2025\/02\/z6-768x674.jpg 768w, https:\/\/mrcguvenlik.com\/wp-content\/uploads\/2025\/02\/z6-1536x1348.jpg 1536w, https:\/\/mrcguvenlik.com\/wp-content\/uploads\/2025\/02\/z6-600x526.jpg 600w, https:\/\/mrcguvenlik.com\/wp-content\/uploads\/2025\/02\/z6.jpg 2048w\" sizes=\"(max-width: 751px) 100vw, 751px\" \/>\t\t\t\t\t\t\t\t\t\t\t\t\t\t\t<\/div>\n\t\t\t\t<\/div>\n\t\t\t\t<\/div>\n\t\t<div class=\"elementor-element elementor-element-82420bf e-con-full e-flex e-con e-child\" data-id=\"82420bf\" data-element_type=\"container\">\n\t\t\t\t<div class=\"elementor-element elementor-element-f8c143b elementor-widget elementor-widget-rakarsectiontitle\" data-id=\"f8c143b\" data-element_type=\"widget\" data-widget_type=\"rakarsectiontitle.default\">\n\t\t\t\t<div class=\"elementor-widget-container\">\n\t\t\t\t\t\t\t<div class=\"title-area text-left \">\r\n\t\t\t<span class=\"sub-title \"><img decoding=\"async\" src=\"https:\/\/mrcguvenlik.com\/wp-content\/plugins\/rakar-core\/assets\/img\/title_icon.svg\" alt=\"Shape\">Neden Bizi Se\u00e7melisiniz?<\/span><h2 class=\"sec-title \">Neden Bizi Se\u00e7melisiniz?<\/h2><p>MRC \u00d6zel G\u00fcvenlik Kursu olarak, profesyonel e\u011fitim anlay\u0131\u015f\u0131m\u0131z ve devlet onayl\u0131 sertifikalar\u0131m\u0131z ile g\u00fcvenlik sekt\u00f6r\u00fcnde en iyi hizmeti sunuyoruz. Peki, neden bizi tercih etmelisiniz?<\/p>\t\t<\/div>\r\n\r\n\t\t\t\t\t<\/div>\n\t\t\t\t<\/div>\n\t\t\t\t<div class=\"elementor-element elementor-element-c7fe177 elementor-widget elementor-widget-rakarfeatures\" data-id=\"c7fe177\" data-element_type=\"widget\" data-widget_type=\"rakarfeatures.default\">\n\t\t\t\t<div class=\"elementor-widget-container\">\n\t\t\t\t\t<div class=\"choose-feature-wrap\"><div class=\"choose-feature\"><div class=\"box-icon\"><img decoding=\"async\" src=\"https:\/\/mrcguvenlik.com\/wp-content\/uploads\/2024\/07\/why_feature_3.svg\" alt=\"why_feature_3\"  \/><\/div><h3 class=\"box-title\">Sertifikal\u0131 ve Uzman E\u011fitmenler<\/h3><\/div><div class=\"choose-feature\"><div class=\"box-icon\"><img decoding=\"async\" src=\"https:\/\/mrcguvenlik.com\/wp-content\/uploads\/2024\/07\/why_feature_5.svg\" alt=\"why_feature_5\"  \/><\/div><h3 class=\"box-title\">H\u0131zl\u0131 ve Kaliteli E\u011fitim S\u00fcreci<\/h3><\/div><div class=\"choose-feature\"><div class=\"box-icon\"><img decoding=\"async\" src=\"https:\/\/mrcguvenlik.com\/wp-content\/uploads\/2024\/07\/why_feature_6.svg\" alt=\"why_feature_6\"  \/><\/div><h3 class=\"box-title\">Uygun ve Rekabet\u00e7i Fiyatlar<\/h3><\/div><div class=\"choose-feature\"><div class=\"box-icon\"><img decoding=\"async\" src=\"https:\/\/mrcguvenlik.com\/wp-content\/uploads\/2024\/07\/why_feature_4.svg\" alt=\"why_feature_4\"  \/><\/div><h3 class=\"box-title\">G\u00fc\u00e7l\u00fc Referanslar ve \u00d6d\u00fcller<\/h3><\/div><\/div>\t\t\t\t<\/div>\n\t\t\t\t<\/div>\n\t\t\t\t<div class=\"elementor-element elementor-element-fe36c58 elementor-widget elementor-widget-rakarbutton\" data-id=\"fe36c58\" data-element_type=\"widget\" data-widget_type=\"rakarbutton.default\">\n\t\t\t\t<div class=\"elementor-widget-container\">\n\t\t\t\t\t<div class=\"btn-wrapper\"><a class=\"th-btn th_btn style4\" href=\"https:\/\/mrcguvenlik.com\/?page_id=2302\">Hemen \u0130leti\u015fime Ge\u00e7<i class=\"far fa-arrow-right\"><\/i><\/a><\/div>\t\t\t\t<\/div>\n\t\t\t\t<\/div>\n\t\t\t\t<\/div>\n\t\t\t\t<\/div>\n\t\t\t\t<div class=\"elementor-element elementor-element-473b72f elementor-widget elementor-widget-rakarshapeimage\" data-id=\"473b72f\" data-element_type=\"widget\" data-widget_type=\"rakarshapeimage.default\">\n\t\t\t\t<div class=\"elementor-widget-container\">\n\t\t\t\t\t<!-- Image --><div class=\"shape-mockup spin \" data-top=\"5%\" data-right=\"1px\"><img decoding=\"async\" class=\"\" src=\"https:\/\/wordpress.themeholy.com\/rakar\/wp-content\/uploads\/2024\/07\/lines_1.png\" alt=\"Shape Image\" ><\/div><!-- End Image -->\t\t\t\t<\/div>\n\t\t\t\t<\/div>\n\t\t\t\t\t<\/div>\n\t\t\t\t<\/div>\n\t\t\t\t<\/div>\n\t\t","protected":false},"excerpt":{"rendered":"<p>Hakk\u0131m\u0131zda MRC \u00d6zel G\u00fcvenlik Kursu ile Gelece\u011finize G\u00fcvenle Ad\u0131m At\u0131n MRC \u00d6zel G\u00fcvenlik Kursu olarak profesyonel g\u00fcvenlik e\u011fitimleri sunuyoruz. \u00d6zel g\u00fcvenlik sekt\u00f6r\u00fcnde kariyer yapmak isteyenler i\u00e7in en kaliteli ve g\u00fcncel e\u011fitim programlar\u0131 ile yan\u0131n\u0131zday\u0131z. Uygulamal\u0131 E\u011fitim Programlar\u0131 Uzman E\u011fitmen Kadrosu Uygulamal\u0131 E\u011fitim Programlar\u0131 Hizmetlerimiz Bizi Aray\u0131n 24\/7 +90 555 801 01 00 01 H\u0131zl\u0131 ba\u015fvuru&#8230;.<\/p>\n","protected":false},"author":1,"featured_media":0,"parent":0,"menu_order":0,"comment_status":"closed","ping_status":"closed","template":"elementor_theme","meta":{"_siteseo_robots_primary_cat":"","pagelayer_contact_templates":[],"_pagelayer_content":"","footnotes":""},"class_list":["post-2292","page","type-page","status-publish","hentry"],"_links":{"self":[{"href":"https:\/\/mrcguvenlik.com\/index.php?rest_route=\/wp\/v2\/pages\/2292","targetHints":{"allow":["GET"]}}],"collection":[{"href":"https:\/\/mrcguvenlik.com\/index.php?rest_route=\/wp\/v2\/pages"}],"about":[{"href":"https:\/\/mrcguvenlik.com\/index.php?rest_route=\/wp\/v2\/types\/page"}],"author":[{"embeddable":true,"href":"https:\/\/mrcguvenlik.com\/index.php?rest_route=\/wp\/v2\/users\/1"}],"replies":[{"embeddable":true,"href":"https:\/\/mrcguvenlik.com\/index.php?rest_route=%2Fwp%2Fv2%2Fcomments&post=2292"}],"version-history":[{"count":90,"href":"https:\/\/mrcguvenlik.com\/index.php?rest_route=\/wp\/v2\/pages\/2292\/revisions"}],"predecessor-version":[{"id":2870,"href":"https:\/\/mrcguvenlik.com\/index.php?rest_route=\/wp\/v2\/pages\/2292\/revisions\/2870"}],"wp:attachment":[{"href":"https:\/\/mrcguvenlik.com\/index.php?rest_route=%2Fwp%2Fv2%2Fmedia&parent=2292"}],"curies":[{"name":"wp","href":"https:\/\/api.w.org\/{rel}","templated":true}]}}