{"id":2298,"date":"2024-07-14T08:49:27","date_gmt":"2024-07-14T08:49:27","guid":{"rendered":"https:\/\/wordpress.themeholy.com\/rakar\/?page_id=39"},"modified":"2025-02-11T15:21:37","modified_gmt":"2025-02-11T12:21:37","slug":"faq-page","status":"publish","type":"page","link":"https:\/\/mrcguvenlik.com\/?page_id=2298","title":{"rendered":"SSS"},"content":{"rendered":"\t\t<div data-elementor-type=\"wp-page\" data-elementor-id=\"2298\" class=\"elementor elementor-2298\">\n\t\t\t\t<div class=\"elementor-element elementor-element-85e81ce e-con-full e-flex e-con e-parent\" data-id=\"85e81ce\" data-element_type=\"container\">\n\t\t\r\n\t\t<div class=\"elementor-element elementor-element-88a6498 elementor-widget elementor-widget-rakarshapeimage\" data-id=\"88a6498\" data-element_type=\"widget\" data-widget_type=\"rakarshapeimage.default\">\n\t\t\t\t<div class=\"elementor-widget-container\">\n\t\t\t\t\t<!-- Image --><div class=\"shape-mockup  d-xxl-block d-none\" data-bottom=\"1px\" data-right=\"1px\"><img decoding=\"async\" class=\"\" src=\"https:\/\/wordpress.themeholy.com\/rakar\/wp-content\/uploads\/2024\/08\/man_shape_4.png\" alt=\"Shape Image\" ><\/div><!-- End Image -->\t\t\t\t<\/div>\n\t\t\t\t<\/div>\n\t\t<div class=\"elementor-element elementor-element-77bdaa8 e-flex e-con-boxed e-con e-child\" data-id=\"77bdaa8\" data-element_type=\"container\">\n\t\t\t\t\t<div class=\"e-con-inner\">\n\t\t\t\t<div class=\"elementor-element elementor-element-3f64e2d elementor-widget__width-initial elementor-widget elementor-widget-rakarsectiontitle\" data-id=\"3f64e2d\" data-element_type=\"widget\" data-widget_type=\"rakarsectiontitle.default\">\n\t\t\t\t<div class=\"elementor-widget-container\">\n\t\t\t\t\t\t\t<div class=\"title-area text-center \">\r\n\t\t\t<h2 class=\"sec-title \">Baz\u0131 Genel Sorular<\/h2>\t\t<\/div>\r\n\r\n\t\t\t\t\t<\/div>\n\t\t\t\t<\/div>\n\t\t\t\t<div class=\"elementor-element elementor-element-98e5466 elementor-widget elementor-widget-rakarfaq\" data-id=\"98e5466\" data-element_type=\"widget\" data-widget_type=\"rakarfaq.default\">\n\t\t\t\t<div class=\"elementor-widget-container\">\n\t\t\t\t\t<div class=\"accordion-1 accordion load-more-active\" id=\"faqAccordion1\"><div class=\"accordion-card active th-faq-loop\"><div class=\"accordion-header\" id=\"collapse-item-69d6255ec0627\"><button class=\"accordion-button \" type=\"button\" data-bs-toggle=\"collapse\" data-bs-target=\"#collapse-69d6255ec0627\" aria-expanded=\"true\" aria-controls=\"collapse-69d6255ec0627\">S1. MRC G\u00fcvenlik hangi t\u00fcr g\u00fcvenlik e\u011fitimleri vermektedir?<\/button><\/div><div id=\"collapse-69d6255ec0627\" class=\"accordion-collapse collapse show\" aria-labelledby=\"collapse-item-69d6255ec0627\" data-bs-parent=\"#faqAccordion1\"><div class=\"accordion-body\"><p>MRC G\u00fcvenlik olarak <strong>silahl\u0131 ve silahs\u0131z \u00f6zel g\u00fcvenlik e\u011fitimleri<\/strong>, <strong>yenileme e\u011fitimleri<\/strong> ve <strong>\u00f6zel g\u00fcvenlik s\u0131navlar\u0131na haz\u0131rl\u0131k kurslar\u0131<\/strong> vermekteyiz.<\/p><\/div><\/div><\/div><div class=\"accordion-card  th-faq-loop\"><div class=\"accordion-header\" id=\"collapse-item-69d6255ec078b\"><button class=\"accordion-button collapsed\" type=\"button\" data-bs-toggle=\"collapse\" data-bs-target=\"#collapse-69d6255ec078b\" aria-expanded=\"false\" aria-controls=\"collapse-69d6255ec078b\">S2. \u00d6zel g\u00fcvenlik sertifikas\u0131 almak i\u00e7in \u015fartlar nelerdir?<\/button><\/div><div id=\"collapse-69d6255ec078b\" class=\"accordion-collapse collapse \" aria-labelledby=\"collapse-item-69d6255ec078b\" data-bs-parent=\"#faqAccordion1\"><div class=\"accordion-body\"><ul><li><strong>Silahs\u0131z g\u00fcvenlik g\u00f6revlisi olmak i\u00e7in:<\/strong> En az <strong>ilk\u00f6\u011fretim mezunu<\/strong> olmak ve <strong>18 ya\u015f\u0131n\u0131 doldurmu\u015f<\/strong> olmak gerekmektedir.<\/li><li><strong>Silahl\u0131 g\u00fcvenlik g\u00f6revlisi olmak i\u00e7in:<\/strong> En az <strong>lise mezunu<\/strong> olmak ve <strong>21 ya\u015f\u0131n\u0131 doldurmu\u015f<\/strong> olmak gerekmektedir.<\/li><li><strong>Adli sicil kayd\u0131n\u0131z\u0131n temiz<\/strong> olmas\u0131 gerekmektedir.<\/li><\/ul><\/div><\/div><\/div><div class=\"accordion-card  th-faq-loop\"><div class=\"accordion-header\" id=\"collapse-item-69d6255ec08f6\"><button class=\"accordion-button collapsed\" type=\"button\" data-bs-toggle=\"collapse\" data-bs-target=\"#collapse-69d6255ec08f6\" aria-expanded=\"false\" aria-controls=\"collapse-69d6255ec08f6\">S3. \u00d6zel g\u00fcvenlik e\u011fitimi ka\u00e7 g\u00fcn s\u00fcrer?<\/button><\/div><div id=\"collapse-69d6255ec08f6\" class=\"accordion-collapse collapse \" aria-labelledby=\"collapse-item-69d6255ec08f6\" data-bs-parent=\"#faqAccordion1\"><div class=\"accordion-body\"><ul><li><strong>Silahs\u0131z g\u00fcvenlik e\u011fitimi<\/strong>: <strong>100 saat<\/strong> (Yakla\u015f\u0131k 3 hafta)<\/li><li><strong>Silahl\u0131 g\u00fcvenlik e\u011fitimi<\/strong>: <strong>120 saat<\/strong> (Yakla\u015f\u0131k 4 hafta)<\/li><li><strong>Yenileme e\u011fitimi<\/strong>: <strong>60 saat<\/strong> (Yakla\u015f\u0131k 2 hafta)<\/li><\/ul><\/div><\/div><\/div><div class=\"accordion-card  th-faq-loop\"><div class=\"accordion-header\" id=\"collapse-item-69d6255ec0a49\"><button class=\"accordion-button collapsed\" type=\"button\" data-bs-toggle=\"collapse\" data-bs-target=\"#collapse-69d6255ec0a49\" aria-expanded=\"false\" aria-controls=\"collapse-69d6255ec0a49\">S4. G\u00fcvenlik sertifikas\u0131 ald\u0131ktan sonra nerelerde \u00e7al\u0131\u015fabilirim?<\/button><\/div><div id=\"collapse-69d6255ec0a49\" class=\"accordion-collapse collapse \" aria-labelledby=\"collapse-item-69d6255ec0a49\" data-bs-parent=\"#faqAccordion1\"><div class=\"accordion-body\"><p>\u00d6zel g\u00fcvenlik g\u00f6revlileri <strong>al\u0131\u015fveri\u015f merkezleri, hastaneler, oteller, bankalar, fabrikalar, plazalar, organizasyonlar, havaalanlar\u0131, limanlar ve \u00f6zel \u015firketler<\/strong> gibi bir\u00e7ok alanda \u00e7al\u0131\u015fabilirler.<\/p><\/div><\/div><\/div><div class=\"accordion-card  th-faq-loop\"><div class=\"accordion-header\" id=\"collapse-item-69d6255ec0acb\"><button class=\"accordion-button collapsed\" type=\"button\" data-bs-toggle=\"collapse\" data-bs-target=\"#collapse-69d6255ec0acb\" aria-expanded=\"false\" aria-controls=\"collapse-69d6255ec0acb\">S5. Silahl\u0131 g\u00fcvenlik e\u011fitimi alabilmek i\u00e7in sa\u011fl\u0131k raporu gerekiyor mu?<\/button><\/div><div id=\"collapse-69d6255ec0acb\" class=\"accordion-collapse collapse \" aria-labelledby=\"collapse-item-69d6255ec0acb\" data-bs-parent=\"#faqAccordion1\"><div class=\"accordion-body\"><p>Evet, silahl\u0131 \u00f6zel g\u00fcvenlik e\u011fitimi alabilmek i\u00e7in <strong>tam te\u015fekk\u00fcll\u00fc devlet hastanesinden sa\u011fl\u0131k raporu<\/strong> alman\u0131z gerekmektedir.<\/p><\/div><\/div><\/div><div class=\"accordion-card  th-faq-loop\"><div class=\"accordion-header\" id=\"collapse-item-69d6255ec0b48\"><button class=\"accordion-button collapsed\" type=\"button\" data-bs-toggle=\"collapse\" data-bs-target=\"#collapse-69d6255ec0b48\" aria-expanded=\"false\" aria-controls=\"collapse-69d6255ec0b48\">S6. \u00d6zel g\u00fcvenlik s\u0131nav\u0131 nas\u0131l yap\u0131l\u0131r?<\/button><\/div><div id=\"collapse-69d6255ec0b48\" class=\"accordion-collapse collapse \" aria-labelledby=\"collapse-item-69d6255ec0b48\" data-bs-parent=\"#faqAccordion1\"><div class=\"accordion-body\"><p>\u00d6zel g\u00fcvenlik s\u0131navlar\u0131 <strong>Emniyet Genel M\u00fcd\u00fcrl\u00fc\u011f\u00fc (EGM)<\/strong> taraf\u0131ndan d\u00fczenlenir. 100 soruluk test \u015feklinde yap\u0131l\u0131r. Silahl\u0131 g\u00fcvenlik i\u00e7in ayr\u0131ca bir at\u0131\u015f s\u0131nav\u0131 bulunmaktad\u0131r.<\/p><\/div><\/div><\/div><div class=\"accordion-card  th-faq-loop\"><div class=\"accordion-header\" id=\"collapse-item-69d6255ec0bcd\"><button class=\"accordion-button collapsed\" type=\"button\" data-bs-toggle=\"collapse\" data-bs-target=\"#collapse-69d6255ec0bcd\" aria-expanded=\"false\" aria-controls=\"collapse-69d6255ec0bcd\">S7. Sertifikam\u0131 ald\u0131ktan sonra g\u00fcvenlik kimli\u011fimi nas\u0131l \u00e7\u0131karabilirim?<\/button><\/div><div id=\"collapse-69d6255ec0bcd\" class=\"accordion-collapse collapse \" aria-labelledby=\"collapse-item-69d6255ec0bcd\" data-bs-parent=\"#faqAccordion1\"><div class=\"accordion-body\"><p>Sertifikan\u0131z\u0131 ald\u0131ktan sonra ilinizde bulunan <strong>\u00d6zel G\u00fcvenlik \u015eube M\u00fcd\u00fcrl\u00fc\u011f\u00fc'ne<\/strong> ba\u015fvurarak kimlik kart\u0131n\u0131z\u0131 \u00e7\u0131karabilirsiniz.<\/p><\/div><\/div><\/div><div class=\"accordion-card  th-faq-loop\"><div class=\"accordion-header\" id=\"collapse-item-69d6255ec0c49\"><button class=\"accordion-button collapsed\" type=\"button\" data-bs-toggle=\"collapse\" data-bs-target=\"#collapse-69d6255ec0c49\" aria-expanded=\"false\" aria-controls=\"collapse-69d6255ec0c49\">S8. \u00d6zel g\u00fcvenlik kimlik kart\u0131m\u0131n s\u00fcresi doldu, ne yapmal\u0131y\u0131m?<\/button><\/div><div id=\"collapse-69d6255ec0c49\" class=\"accordion-collapse collapse \" aria-labelledby=\"collapse-item-69d6255ec0c49\" data-bs-parent=\"#faqAccordion1\"><div class=\"accordion-body\"><p>Kimlik kart\u0131n\u0131z\u0131n s\u00fcresi dolmadan \u00f6nce <strong>yenileme e\u011fitimi<\/strong> alman\u0131z gerekmektedir. Yenileme e\u011fitimi ald\u0131ktan sonra tekrar ba\u015fvuru yaparak kimlik kart\u0131n\u0131z\u0131 yenileyebilirsiniz.<\/p><\/div><\/div><\/div><div class=\"accordion-card  th-faq-loop\"><div class=\"accordion-header\" id=\"collapse-item-69d6255ec0cc4\"><button class=\"accordion-button collapsed\" type=\"button\" data-bs-toggle=\"collapse\" data-bs-target=\"#collapse-69d6255ec0cc4\" aria-expanded=\"false\" aria-controls=\"collapse-69d6255ec0cc4\">S9. MRC G\u00fcvenlik kurs \u00fccretleri ne kadar?<\/button><\/div><div id=\"collapse-69d6255ec0cc4\" class=\"accordion-collapse collapse \" aria-labelledby=\"collapse-item-69d6255ec0cc4\" data-bs-parent=\"#faqAccordion1\"><div class=\"accordion-body\"><p>Kurs \u00fccretleri e\u011fitim t\u00fcr\u00fcne g\u00f6re de\u011fi\u015fiklik g\u00f6stermektedir. <strong>G\u00fcncel fiyatlar\u0131m\u0131z hakk\u0131nda bilgi almak i\u00e7in bizimle ileti\u015fime ge\u00e7ebilirsiniz.<\/strong><\/p><\/div><\/div><\/div><div class=\"accordion-card  th-faq-loop\"><div class=\"accordion-header\" id=\"collapse-item-69d6255ec0d3e\"><button class=\"accordion-button collapsed\" type=\"button\" data-bs-toggle=\"collapse\" data-bs-target=\"#collapse-69d6255ec0d3e\" aria-expanded=\"false\" aria-controls=\"collapse-69d6255ec0d3e\">S10. Kurs \u00fccretini taksitli \u00f6deme imkan\u0131m var m\u0131?<\/button><\/div><div id=\"collapse-69d6255ec0d3e\" class=\"accordion-collapse collapse \" aria-labelledby=\"collapse-item-69d6255ec0d3e\" data-bs-parent=\"#faqAccordion1\"><div class=\"accordion-body\"><p>Evet! MRC G\u00fcvenlik olarak <strong>taksitli \u00f6deme se\u00e7enekleri<\/strong> sunuyoruz. Detayl\u0131 bilgi i\u00e7in bize ula\u015fabilirsiniz.<\/p><\/div><\/div><\/div><\/div><div class=\"text-center\"><button id=\"load-more-faq-btn\" class=\"th-btn mt-3\">Daha Fazlas\u0131<i class=\"fa-duotone fa-spinner ms-2\"><\/i><\/button><\/div><script>\r\n\tjQuery(document).ready(function($) {\r\n\t\t\/\/ Set the number of items to show initially and load on each click\r\n\t\tvar itemsToShow = 5;\r\n\t\tvar itemsPerLoad = 3; \r\n\t\tvar currentIndex = itemsToShow;\r\n\t\r\n\t\t\/\/ Hide items beyond the initial count\r\n\t\t$('.th-faq-loop').slice(itemsToShow).hide();      \r\n\t\r\n\t\t\/\/ Attach a click event to the \"Load More\" button\r\n\t\t$('#load-more-faq-btn').on('click', function() {\r\n\t\t\t\/\/ Show the next batch of items\r\n\t\t\t$('.th-faq-loop').slice(currentIndex, currentIndex + itemsPerLoad).fadeIn();\r\n\t\t\t\r\n\t\t\t\/\/ Update the current index\r\n\t\t\tcurrentIndex += itemsPerLoad;\r\n\t\r\n\t\t\t\/\/ Hide the \"Load More\" button if all items are displayed\r\n\t\t\tif (currentIndex >= $('.th-faq-loop').length) {\r\n\t\t\t\t$('#load-more-faq-btn').hide();\r\n\t\t\t}\r\n\t\t});\r\n\t});\r\n<\/script>\r\n\r\n\t\t\t\t\t\t<\/div>\n\t\t\t\t<\/div>\n\t\t\t\t\t<\/div>\n\t\t\t\t<\/div>\n\t\t\t\t<\/div>\n\t\t<div class=\"elementor-element elementor-element-fef9ea8 e-flex e-con-boxed e-con e-parent\" data-id=\"fef9ea8\" data-element_type=\"container\">\n\t\t\t\t\t<div class=\"e-con-inner\">\n\t\t<div class=\"elementor-element elementor-element-b18a61f e-con-full e-flex e-con e-child\" data-id=\"b18a61f\" data-element_type=\"container\">\n\t\t\t\t<div class=\"elementor-element elementor-element-a856edc elementor-widget__width-initial elementor-widget elementor-widget-rakarsectiontitle\" data-id=\"a856edc\" data-element_type=\"widget\" data-widget_type=\"rakarsectiontitle.default\">\n\t\t\t\t<div class=\"elementor-widget-container\">\n\t\t\t\t\t\t\t<div class=\"title-area text-left \">\r\n\t\t\t<span class=\"sub-title \"><img decoding=\"async\" src=\"https:\/\/mrcguvenlik.com\/wp-content\/plugins\/rakar-core\/assets\/img\/title_icon.svg\" alt=\"Shape\">Blog &amp; Makaleler<\/span><h2 class=\"sec-title \">MRC G\u00dcVENL\u0130KTEN G\u00dcNCEL B\u0130LG\u0130LER<\/h2>\t\t<\/div>\r\n\r\n\t\t\t\t\t<\/div>\n\t\t\t\t<\/div>\n\t\t\t\t<div class=\"elementor-element elementor-element-94d5d51 elementor-widget elementor-widget-rakarbutton\" data-id=\"94d5d51\" data-element_type=\"widget\" data-widget_type=\"rakarbutton.default\">\n\t\t\t\t<div class=\"elementor-widget-container\">\n\t\t\t\t\t<div class=\"btn-wrapper\"><a class=\"th-btn th_btn style4\" href=\"https:\/\/mrcguvenlik.com\/?page_id=2703\">Daha Fazla<i class=\"far fa-arrow-right\"><\/i><\/a><\/div>\t\t\t\t<\/div>\n\t\t\t\t<\/div>\n\t\t\t\t<\/div>\n\t\t\t\t<div class=\"elementor-element elementor-element-4f2aa4e elementor-widget elementor-widget-rakarblog\" data-id=\"4f2aa4e\" data-element_type=\"widget\" data-widget_type=\"rakarblog.default\">\n\t\t\t\t<div class=\"elementor-widget-container\">\n\t\t\t\t\t<div class=\"row gy-4\"><div class=\"col-xl-4 col-md-6\"><div class=\"blog-card \"><a href=\"bhttps:\/\/mrcguvenlik.com\/?p=3102\" class=\"blog-img\"><\/a><span class=\"box-date\">11\/02\/2025<\/span><div class=\"blog-content\"><div class=\"blog-meta\"><a href=\"https:\/\/mrcguvenlik.com\/?author=1\"><i class=\"fas fa-user\"><\/i>By Mrcguvenlik<\/a><a href=\"https:\/\/mrcguvenlik.com\/?cat=39\"><i class=\"fas fa-tags\"><\/i>MRC Yasal<\/a><\/div><h3 class=\"box-title\"><a href=\"https:\/\/mrcguvenlik.com\/?p=3102\">\u00c7EREZ POL\u0130T\u0130KASI<\/a><\/h3><p class=\"box-text\">\u00c7EREZ POL\u0130T\u0130KASI MRC G\u00fcvenlik Kursu olarak, web sitemizi ziyaret etti\u011finizde en iyi deneyimi sunmak i\u00e7in \u00e7erezler (cookies) kullan\u0131yoruz.<\/p><\/div><\/div><\/div><div class=\"col-xl-4 col-md-6\"><div class=\"blog-card \"><a href=\"bhttps:\/\/mrcguvenlik.com\/?p=3095\" class=\"blog-img\"><img fetchpriority=\"high\" decoding=\"async\" width=\"395\" height=\"270\" src=\"https:\/\/mrcguvenlik.com\/wp-content\/uploads\/2025\/02\/3-1-395x270.png\" class=\"attachment-rakar_395X270 size-rakar_395X270 wp-post-image\" alt=\"\" \/><\/a><span class=\"box-date\">11\/02\/2025<\/span><div class=\"blog-content\"><div class=\"blog-meta\"><a href=\"https:\/\/mrcguvenlik.com\/?author=1\"><i class=\"fas fa-user\"><\/i>By Mrcguvenlik<\/a><a href=\"https:\/\/mrcguvenlik.com\/?cat=38\"><i class=\"fas fa-tags\"><\/i>Blogg<\/a><\/div><h3 class=\"box-title\"><a href=\"https:\/\/mrcguvenlik.com\/?p=3095\">G\u00fcvenlik Profesyonelleri \u0130\u00e7in \u00d6zel G\u00fcvenlik E\u011fitim Programlar\u0131n\u0131n Avantajlar\u0131<\/a><\/h3><p class=\"box-text\">G\u00fcvenlik profesyonelleri i\u00e7in \u00f6zel g\u00fcvenlik e\u011fitim programlar\u0131, sekt\u00f6rdeki h\u0131zl\u0131 de\u011fi\u015fimlere ayak uydurabilmek ve etkili bir \u015fekilde hizmet verebilmek<\/p><\/div><\/div><\/div><div class=\"col-xl-4 col-md-6\"><div class=\"blog-card \"><a href=\"bhttps:\/\/mrcguvenlik.com\/?p=3093\" class=\"blog-img\"><img decoding=\"async\" width=\"395\" height=\"270\" src=\"https:\/\/mrcguvenlik.com\/wp-content\/uploads\/2025\/02\/Ozel-Guvenlik-ve-Teknoloji-1024x585-2-395x270.png\" class=\"attachment-rakar_395X270 size-rakar_395X270 wp-post-image\" alt=\"\" \/><\/a><span class=\"box-date\">11\/02\/2025<\/span><div class=\"blog-content\"><div class=\"blog-meta\"><a href=\"https:\/\/mrcguvenlik.com\/?author=1\"><i class=\"fas fa-user\"><\/i>By Mrcguvenlik<\/a><a href=\"https:\/\/mrcguvenlik.com\/?cat=38\"><i class=\"fas fa-tags\"><\/i>Blogg<\/a><\/div><h3 class=\"box-title\"><a href=\"https:\/\/mrcguvenlik.com\/?p=3093\">G\u00fcvenlik Ekipmanlar\u0131 ve Teknolojik \u0130lerlemeler<\/a><\/h3><p class=\"box-text\">G\u00fcvenlik, g\u00fcn\u00fcm\u00fczde artan tehditlere kar\u015f\u0131 m\u00fccadelede teknolojik geli\u015fmelerle birlikte daha etkili bir hale gelmi\u015ftir. G\u00fcvenlik ekipmanlar\u0131 ve teknolojik<\/p><\/div><\/div><\/div><\/div>\t\t\t\t<\/div>\n\t\t\t\t<\/div>\n\t\t\t\t\t<\/div>\n\t\t\t\t<\/div>\n\t\t\t\t<\/div>\n\t\t","protected":false},"excerpt":{"rendered":"<p>Baz\u0131 Genel Sorular S1. MRC G\u00fcvenlik hangi t\u00fcr g\u00fcvenlik e\u011fitimleri vermektedir? MRC G\u00fcvenlik olarak silahl\u0131 ve silahs\u0131z \u00f6zel g\u00fcvenlik e\u011fitimleri, yenileme e\u011fitimleri ve \u00f6zel g\u00fcvenlik s\u0131navlar\u0131na haz\u0131rl\u0131k kurslar\u0131 vermekteyiz. S2. \u00d6zel g\u00fcvenlik sertifikas\u0131 almak i\u00e7in \u015fartlar nelerdir? Silahs\u0131z g\u00fcvenlik g\u00f6revlisi olmak i\u00e7in: En az ilk\u00f6\u011fretim mezunu olmak ve 18 ya\u015f\u0131n\u0131 doldurmu\u015f olmak gerekmektedir. Silahl\u0131 g\u00fcvenlik&#8230;<\/p>\n","protected":false},"author":1,"featured_media":0,"parent":0,"menu_order":0,"comment_status":"closed","ping_status":"closed","template":"template-builder.php","meta":{"_siteseo_robots_primary_cat":"","pagelayer_contact_templates":[],"_pagelayer_content":"","footnotes":""},"class_list":["post-2298","page","type-page","status-publish","hentry","th-blog blog-single has-post-thumbnail"],"_links":{"self":[{"href":"https:\/\/mrcguvenlik.com\/index.php?rest_route=\/wp\/v2\/pages\/2298","targetHints":{"allow":["GET"]}}],"collection":[{"href":"https:\/\/mrcguvenlik.com\/index.php?rest_route=\/wp\/v2\/pages"}],"about":[{"href":"https:\/\/mrcguvenlik.com\/index.php?rest_route=\/wp\/v2\/types\/page"}],"author":[{"embeddable":true,"href":"https:\/\/mrcguvenlik.com\/index.php?rest_route=\/wp\/v2\/users\/1"}],"replies":[{"embeddable":true,"href":"https:\/\/mrcguvenlik.com\/index.php?rest_route=%2Fwp%2Fv2%2Fcomments&post=2298"}],"version-history":[{"count":26,"href":"https:\/\/mrcguvenlik.com\/index.php?rest_route=\/wp\/v2\/pages\/2298\/revisions"}],"predecessor-version":[{"id":3001,"href":"https:\/\/mrcguvenlik.com\/index.php?rest_route=\/wp\/v2\/pages\/2298\/revisions\/3001"}],"wp:attachment":[{"href":"https:\/\/mrcguvenlik.com\/index.php?rest_route=%2Fwp%2Fv2%2Fmedia&parent=2298"}],"curies":[{"name":"wp","href":"https:\/\/api.w.org\/{rel}","templated":true}]}}