{"id":2302,"date":"2024-07-14T08:50:26","date_gmt":"2024-07-14T08:50:26","guid":{"rendered":"https:\/\/wordpress.themeholy.com\/rakar\/?page_id=48"},"modified":"2025-11-11T19:21:51","modified_gmt":"2025-11-11T16:21:51","slug":"contact","status":"publish","type":"page","link":"https:\/\/mrcguvenlik.com\/?page_id=2302","title":{"rendered":"\u0130leti\u015fim"},"content":{"rendered":"\t\t<div data-elementor-type=\"wp-page\" data-elementor-id=\"2302\" class=\"elementor elementor-2302\">\n\t\t\t\t<div class=\"elementor-element elementor-element-ca60550 e-flex e-con-boxed e-con e-parent\" data-id=\"ca60550\" data-element_type=\"container\">\n\t\t\t\t\t<div class=\"e-con-inner\">\n\t\t\r\n\t\t<div class=\"elementor-element elementor-element-66ae4cc elementor-widget elementor-widget-rakarsectiontitle\" data-id=\"66ae4cc\" data-element_type=\"widget\" data-widget_type=\"rakarsectiontitle.default\">\n\t\t\t\t<div class=\"elementor-widget-container\">\n\t\t\t\t\t\t\t<div class=\"title-area text-center \">\r\n\t\t\t<span class=\"sub-title \"><img decoding=\"async\" src=\"https:\/\/mrcguvenlik.com\/wp-content\/plugins\/rakar-core\/assets\/img\/title_icon.svg\" alt=\"Shape\">\u0130leti\u015fime Ge\u00e7in<\/span><h2 class=\"sec-title \">\u0130leti\u015fim Bilgilerimiz<\/h2>\t\t<\/div>\r\n\r\n\t\t\t\t\t<\/div>\n\t\t\t\t<\/div>\n\t\t\t\t<div class=\"elementor-element elementor-element-64faaca elementor-widget elementor-widget-rakarcontactinfo\" data-id=\"64faaca\" data-element_type=\"widget\" data-widget_type=\"rakarcontactinfo.default\">\n\t\t\t\t<div class=\"elementor-widget-container\">\n\t\t\t\t\t<div class=\"row gy-4\"><div class=\"col-xl-4 col-md-6\"><div class=\"team-contact\"><div class=\"icon-btn\"><i class=\"fas fa-location-dot\"><\/i><\/div><div class=\"media-body\"><h5 class=\"box-title label\">MRC - Efeler<\/h5><p class=\"box-text\">G\u00fczelhisar Mh. Ulubatl\u0131 Cd. Aykonut No:6\/B Efeler\/AYDIN<\/p><\/div><\/div><\/div><div class=\"col-xl-4 col-md-6\"><div class=\"team-contact\"><div class=\"icon-btn\"><i class=\"fas fa-phone\"><\/i><\/div><div class=\"media-body\"><h5 class=\"box-title label\">Telefon Numaralar\u0131m\u0131z<\/h5><p class=\"box-text\"><a href=\"tel:+905558010100\">+90 555 801 01 00<\/a>\n<a href=\"tel:+905073161360\">+90 507 316 13 60<\/a><\/p><\/div><\/div><\/div><div class=\"col-xl-4 col-md-6\"><div class=\"team-contact\"><div class=\"icon-btn\"><i class=\"fas fa-envelope\"><\/i><\/div><div class=\"media-body\"><h5 class=\"box-title label\">Email Address<\/h5><p class=\"box-text\"><a href=\"mailto:\">info@mrcguvenlik.com<\/a><\/p><\/div><\/div><\/div><\/div>\t\t\t\t<\/div>\n\t\t\t\t<\/div>\n\t\t\t\t<div class=\"elementor-element elementor-element-65dc2d1 elementor-widget elementor-widget-rakarcontactinfo\" data-id=\"65dc2d1\" data-element_type=\"widget\" data-widget_type=\"rakarcontactinfo.default\">\n\t\t\t\t<div class=\"elementor-widget-container\">\n\t\t\t\t\t<div class=\"row gy-4\"><div class=\"col-xl-4 col-md-6\"><div class=\"team-contact\"><div class=\"icon-btn\"><i class=\"fas fa-location-dot\"><\/i><\/div><div class=\"media-body\"><h5 class=\"box-title label\">MRC - Nazilli<\/h5><p class=\"box-text\">Turan Mh. 19 May\u0131s Blv. No:16 Nazilli\/AYDIN<\/p><\/div><\/div><\/div><div class=\"col-xl-4 col-md-6\"><div class=\"team-contact\"><div class=\"icon-btn\"><i class=\"fas fa-phone\"><\/i><\/div><div class=\"media-body\"><h5 class=\"box-title label\">Telefon Numaralar\u0131m\u0131z<\/h5><p class=\"box-text\"><a href=\"tel:+902563120304\">+90 256 312 03 04<\/a>\n<a href=\"tel:+905558010111\">+90 555 801 01 11<\/a><\/p><\/div><\/div><\/div><div class=\"col-xl-4 col-md-6\"><div class=\"team-contact\"><div class=\"icon-btn\"><i class=\"fas fa-envelope\"><\/i><\/div><div class=\"media-body\"><h5 class=\"box-title label\">Email Address<\/h5><p class=\"box-text\"><a href=\"mailto:\">nazilli@mrcguvenlik.com<\/a><\/p><\/div><\/div><\/div><\/div>\t\t\t\t<\/div>\n\t\t\t\t<\/div>\n\t\t\t\t<div class=\"elementor-element elementor-element-f228d21 elementor-widget elementor-widget-rakarcontactinfo\" data-id=\"f228d21\" data-element_type=\"widget\" data-widget_type=\"rakarcontactinfo.default\">\n\t\t\t\t<div class=\"elementor-widget-container\">\n\t\t\t\t\t<div class=\"row gy-4\"><div class=\"col-xl-4 col-md-6\"><div class=\"team-contact\"><div class=\"icon-btn\"><i class=\"fas fa-location-dot\"><\/i><\/div><div class=\"media-body\"><h5 class=\"box-title label\">MRC - S\u00f6ke<\/h5><p class=\"box-text\">Konak Mh. \u0130stasyon Cd. Grand Bazaar No:73\/204 S\u00f6ke\/AYDIN<\/p><\/div><\/div><\/div><div class=\"col-xl-4 col-md-6\"><div class=\"team-contact\"><div class=\"icon-btn\"><i class=\"fas fa-phone\"><\/i><\/div><div class=\"media-body\"><h5 class=\"box-title label\">Telefon Numaralar\u0131m\u0131z<\/h5><p class=\"box-text\"><a href=\"tel:+902565186060\">+90 256 518 60 60<\/a>\n<a href=\"tel:+905324998209\">+90 532 499 82 09<\/a><\/p><\/div><\/div><\/div><div class=\"col-xl-4 col-md-6\"><div class=\"team-contact\"><div class=\"icon-btn\"><i class=\"fas fa-envelope\"><\/i><\/div><div class=\"media-body\"><h5 class=\"box-title label\">Email Address<\/h5><p class=\"box-text\"><a href=\"mailto:\">soke@mrcguvenlik.com<\/a><\/p><\/div><\/div><\/div><\/div>\t\t\t\t<\/div>\n\t\t\t\t<\/div>\n\t\t\t\t<div class=\"elementor-element elementor-element-a0647d9 elementor-widget elementor-widget-rakarcontactinfo\" data-id=\"a0647d9\" data-element_type=\"widget\" data-widget_type=\"rakarcontactinfo.default\">\n\t\t\t\t<div class=\"elementor-widget-container\">\n\t\t\t\t\t<div class=\"row gy-4\"><div class=\"col-xl-4 col-md-6\"><div class=\"team-contact\"><div class=\"icon-btn\"><i class=\"fas fa-location-dot\"><\/i><\/div><div class=\"media-body\"><h5 class=\"box-title label\">MRC - Didim<\/h5><p class=\"box-text\">Yeni Mahalle Selanik Caddesi No:28\/A Didim\/AYDIN<\/p><\/div><\/div><\/div><div class=\"col-xl-4 col-md-6\"><div class=\"team-contact\"><div class=\"icon-btn\"><i class=\"fas fa-phone\"><\/i><\/div><div class=\"media-body\"><h5 class=\"box-title label\">Telefon Numaralar\u0131m\u0131z<\/h5><p class=\"box-text\"><a href=\"tel:+905478010100\">+90 547 801 01 00<\/a><\/p><\/div><\/div><\/div><div class=\"col-xl-4 col-md-6\"><div class=\"team-contact\"><div class=\"icon-btn\"><i class=\"fas fa-envelope\"><\/i><\/div><div class=\"media-body\"><h5 class=\"box-title label\">Email Address<\/h5><p class=\"box-text\"><a href=\"mailto:\">didim@mrcguvenlik.com<\/a><\/p><\/div><\/div><\/div><\/div>\t\t\t\t<\/div>\n\t\t\t\t<\/div>\n\t\t\t\t\t<\/div>\n\t\t\t\t<\/div>\n\t\t<div class=\"elementor-element elementor-element-a29b2eb e-flex e-con-boxed e-con e-parent\" data-id=\"a29b2eb\" data-element_type=\"container\" data-settings=\"{&quot;background_background&quot;:&quot;classic&quot;}\">\n\t\t\t\t\t<div class=\"e-con-inner\">\n\t\t<div class=\"elementor-element elementor-element-55feed1 e-con-full e-flex e-con e-child\" data-id=\"55feed1\" data-element_type=\"container\">\n\t\t\t\t<div class=\"elementor-element elementor-element-62347f2 elementor-widget elementor-widget-rakarcontactform\" data-id=\"62347f2\" data-element_type=\"widget\" data-widget_type=\"rakarcontactform.default\">\n\t\t\t\t<div class=\"elementor-widget-container\">\n\t\t\t\t\t<div class=\"text-center text-xl-start\"><div class=\"contact-form ajax-contact\"><h2 class=\"sec-title\">Teklif Al\u0131n<\/h2>\n<div class=\"wpcf7 no-js\" id=\"wpcf7-f523-o1\" lang=\"en-US\" dir=\"ltr\" data-wpcf7-id=\"523\">\n<div class=\"screen-reader-response\"><p role=\"status\" aria-live=\"polite\" aria-atomic=\"true\"><\/p> <ul><\/ul><\/div>\n<form action=\"\/index.php?rest_route=%2Fwp%2Fv2%2Fpages%2F2302#wpcf7-f523-o1\" method=\"post\" class=\"wpcf7-form init\" aria-label=\"Contact form\" novalidate=\"novalidate\" data-status=\"init\">\n<div style=\"display: none;\">\n<input type=\"hidden\" name=\"_wpcf7\" value=\"523\" \/>\n<input type=\"hidden\" name=\"_wpcf7_version\" value=\"6.0.3\" \/>\n<input type=\"hidden\" name=\"_wpcf7_locale\" value=\"en_US\" \/>\n<input type=\"hidden\" name=\"_wpcf7_unit_tag\" value=\"wpcf7-f523-o1\" \/>\n<input type=\"hidden\" name=\"_wpcf7_container_post\" value=\"0\" \/>\n<input type=\"hidden\" name=\"_wpcf7_posted_data_hash\" value=\"\" \/>\n<\/div>\n<div class=\"row\">\n\t<div class=\"form-group col-md-6\">\n<span class=\"wpcf7-form-control-wrap\" data-name=\"text-63\"><input size=\"40\" maxlength=\"400\" class=\"wpcf7-form-control wpcf7-text wpcf7-validates-as-required form-control\" aria-required=\"true\" aria-invalid=\"false\" placeholder=\"Your Name\" value=\"\" type=\"text\" name=\"text-63\" \/><\/span>\n\t\t<i class=\"fal fa-user\"><\/i>\n\t<\/div>\n\t<div class=\"form-group col-md-6\">\n<span class=\"wpcf7-form-control-wrap\" data-name=\"email-81\"><input size=\"40\" maxlength=\"400\" class=\"wpcf7-form-control wpcf7-email wpcf7-validates-as-required wpcf7-text wpcf7-validates-as-email form-control\" aria-required=\"true\" aria-invalid=\"false\" placeholder=\"Email Address\" value=\"\" type=\"email\" name=\"email-81\" \/><\/span>\n\t\t<i class=\"fal fa-envelope\"><\/i>\n\t<\/div>\n\t<div class=\"form-group col-md-6\">\n<span class=\"wpcf7-form-control-wrap\" data-name=\"number-97\"><input class=\"wpcf7-form-control wpcf7-number wpcf7-validates-as-required wpcf7-validates-as-number form-control\" aria-required=\"true\" aria-invalid=\"false\" placeholder=\"Phone Number\" value=\"\" type=\"number\" name=\"number-97\" \/><\/span>\n\t\t<i class=\"fal fa-phone\"><\/i>\n\t<\/div>\n\t<div class=\"form-group col-md-6\">\n<span class=\"wpcf7-form-control-wrap\" data-name=\"menu-115\"><select class=\"wpcf7-form-control wpcf7-select wpcf7-validates-as-required form-select nice-select\" id=\"subject\" aria-required=\"true\" aria-invalid=\"false\" name=\"menu-115\"><option value=\"Select Subject\">Select Subject<\/option><option value=\"General Query\">General Query<\/option><option value=\"Help Support\">Help Support<\/option><option value=\"Sales Support\">Sales Support<\/option><\/select><\/span>\n\t\t<i class=\"fal fa-chevron-down\"><\/i>\n\t<\/div>\n\t<div class=\"form-group col-12\">\n<span class=\"wpcf7-form-control-wrap\" data-name=\"textarea-17\"><textarea cols=\"40\" rows=\"10\" maxlength=\"2000\" class=\"wpcf7-form-control wpcf7-textarea wpcf7-validates-as-required form-control\" aria-required=\"true\" aria-invalid=\"false\" placeholder=\"Your Message\" name=\"textarea-17\"><\/textarea><\/span>\n\t\t<i class=\"fal fa-pencil\"><\/i>\n\t<\/div>\n\t<div class=\"form-btn col-12\">\n<button class=\"th-btn\">Send Message Now<i class=\"far fa-arrow-right ms-2\"><\/i><\/button>\n\t<\/div>\n<\/div>\n<p class=\"form-messages mb-0 mt-3\"><\/p><p style=\"display: none !important;\" class=\"akismet-fields-container\" data-prefix=\"_wpcf7_ak_\"><label>&#916;<textarea name=\"_wpcf7_ak_hp_textarea\" cols=\"45\" rows=\"8\" maxlength=\"100\"><\/textarea><\/label><input type=\"hidden\" id=\"ak_js_1\" name=\"_wpcf7_ak_js\" value=\"232\"\/><script>document.getElementById( \"ak_js_1\" ).setAttribute( \"value\", ( new Date() ).getTime() );<\/script><\/p><div class=\"wpcf7-response-output\" aria-hidden=\"true\"><\/div>\n<\/form>\n<\/div>\n<\/div><\/div>\t\t\t\t<\/div>\n\t\t\t\t<\/div>\n\t\t\t\t<\/div>\n\t\t<div class=\"elementor-element elementor-element-3e6da81 e-con-full e-flex e-con e-child\" data-id=\"3e6da81\" data-element_type=\"container\">\n\t\t\t\t<div class=\"elementor-element elementor-element-7d75ac4 elementor-widget elementor-widget-rakarvideo\" data-id=\"7d75ac4\" data-element_type=\"widget\" data-widget_type=\"rakarvideo.default\">\n\t\t\t\t<div class=\"elementor-widget-container\">\n\t\t\t\t\t<div class=\"text-center\"><a href=\"https:\/\/www.youtube.com\/watch?v=_sI_Ps7JSEk\" class=\"play-btn style4 popup-video\"><i class=\"fa-sharp fa-solid fa-play\"><\/i><\/a><\/div>\t\t\t\t<\/div>\n\t\t\t\t<\/div>\n\t\t\t\t<\/div>\n\t\t\t\t\t<\/div>\n\t\t\t\t<\/div>\n\t\t<div class=\"elementor-element elementor-element-6ac6145 e-con-full e-flex e-con e-parent\" data-id=\"6ac6145\" data-element_type=\"container\">\n\t\t\t\t<div class=\"elementor-element elementor-element-a99529c elementor-widget elementor-widget-google_maps\" data-id=\"a99529c\" data-element_type=\"widget\" data-widget_type=\"google_maps.default\">\n\t\t\t\t<div class=\"elementor-widget-container\">\n\t\t\t\t\t\t\t<div class=\"elementor-custom-embed\">\n\t\t\t<iframe loading=\"lazy\"\n\t\t\t\t\tsrc=\"https:\/\/maps.google.com\/maps?q=London%20Eye%2C%20London%2C%20United%20Kingdom&#038;t=m&#038;z=15&#038;output=embed&#038;iwloc=near\"\n\t\t\t\t\ttitle=\"London Eye, London, United Kingdom\"\n\t\t\t\t\taria-label=\"London Eye, London, United Kingdom\"\n\t\t\t><\/iframe>\n\t\t<\/div>\n\t\t\t\t\t\t<\/div>\n\t\t\t\t<\/div>\n\t\t\t\t<\/div>\n\t\t\t\t<\/div>\n\t\t","protected":false},"excerpt":{"rendered":"<p>\u0130leti\u015fime Ge\u00e7in \u0130leti\u015fim Bilgilerimiz MRC &#8211; Efeler G\u00fczelhisar Mh. Ulubatl\u0131 Cd. Aykonut No:6\/B Efeler\/AYDIN Telefon Numaralar\u0131m\u0131z +90 555 801 01 00 +90 507 316 13 60 Email Address info@mrcguvenlik.com MRC &#8211; Nazilli Turan Mh. 19 May\u0131s Blv. No:16 Nazilli\/AYDIN Telefon Numaralar\u0131m\u0131z +90 256 312 03 04 +90 555 801 01 11 Email Address nazilli@mrcguvenlik.com MRC&#8230;<\/p>\n","protected":false},"author":1,"featured_media":0,"parent":0,"menu_order":0,"comment_status":"closed","ping_status":"closed","template":"template-builder.php","meta":{"_siteseo_robots_primary_cat":"","pagelayer_contact_templates":[],"_pagelayer_content":"","footnotes":""},"class_list":["post-2302","page","type-page","status-publish","hentry"],"_links":{"self":[{"href":"https:\/\/mrcguvenlik.com\/index.php?rest_route=\/wp\/v2\/pages\/2302","targetHints":{"allow":["GET"]}}],"collection":[{"href":"https:\/\/mrcguvenlik.com\/index.php?rest_route=\/wp\/v2\/pages"}],"about":[{"href":"https:\/\/mrcguvenlik.com\/index.php?rest_route=\/wp\/v2\/types\/page"}],"author":[{"embeddable":true,"href":"https:\/\/mrcguvenlik.com\/index.php?rest_route=\/wp\/v2\/users\/1"}],"replies":[{"embeddable":true,"href":"https:\/\/mrcguvenlik.com\/index.php?rest_route=%2Fwp%2Fv2%2Fcomments&post=2302"}],"version-history":[{"count":19,"href":"https:\/\/mrcguvenlik.com\/index.php?rest_route=\/wp\/v2\/pages\/2302\/revisions"}],"predecessor-version":[{"id":3176,"href":"https:\/\/mrcguvenlik.com\/index.php?rest_route=\/wp\/v2\/pages\/2302\/revisions\/3176"}],"wp:attachment":[{"href":"https:\/\/mrcguvenlik.com\/index.php?rest_route=%2Fwp%2Fv2%2Fmedia&parent=2302"}],"curies":[{"name":"wp","href":"https:\/\/api.w.org\/{rel}","templated":true}]}}