{"id":2881,"date":"2025-02-10T23:48:48","date_gmt":"2025-02-10T23:48:48","guid":{"rendered":"https:\/\/mrcguvenlik.com\/?page_id=2881"},"modified":"2025-02-10T23:54:53","modified_gmt":"2025-02-10T23:54:53","slug":"kurucumuz","status":"publish","type":"page","link":"https:\/\/mrcguvenlik.com\/?page_id=2881","title":{"rendered":"Kurucumuz"},"content":{"rendered":"\t\t<div data-elementor-type=\"wp-page\" data-elementor-id=\"2881\" class=\"elementor elementor-2881\">\n\t\t\t\t\r\n<div class=\"elementor-element elementor-element-b52d232 e-flex e-con-boxed e-con e-parent\" data-id=\"b52d232\" data-element_type=\"container\">\n\t\t\t\t\t<div class=\"e-con-inner\">\n\t\t\t\t<div class=\"elementor-element elementor-element-7a83da1 elementor-widget elementor-widget-image\" data-id=\"7a83da1\" data-element_type=\"widget\" data-widget_type=\"image.default\">\n\t\t\t\t<div class=\"elementor-widget-container\">\n\t\t\t\t\t\t\t\t\t\t\t\t\t\t\t<img fetchpriority=\"high\" decoding=\"async\" width=\"400\" height=\"518\" src=\"https:\/\/mrcguvenlik.com\/wp-content\/uploads\/2025\/02\/engin-meric.png\" class=\"attachment-large size-large wp-image-2882\" alt=\"\" srcset=\"https:\/\/mrcguvenlik.com\/wp-content\/uploads\/2025\/02\/engin-meric.png 400w, https:\/\/mrcguvenlik.com\/wp-content\/uploads\/2025\/02\/engin-meric-232x300.png 232w\" sizes=\"(max-width: 400px) 100vw, 400px\" \/>\t\t\t\t\t\t\t\t\t\t\t\t\t\t\t<\/div>\n\t\t\t\t<\/div>\n\t\t\t\t\t<\/div>\n\t\t\t\t<\/div>\n\t\t<div class=\"elementor-element elementor-element-689d1ab e-flex e-con-boxed e-con e-parent\" data-id=\"689d1ab\" data-element_type=\"container\">\n\t\t\t\t\t<div class=\"e-con-inner\">\n\t\t\t\t\t<\/div>\n\t\t\t\t<\/div>\n\t\t<div class=\"elementor-element elementor-element-1fdac71 e-flex e-con-boxed e-con e-parent\" data-id=\"1fdac71\" data-element_type=\"container\">\n\t\t\t\t\t<div class=\"e-con-inner\">\n\t\t\r\n\t\t<div class=\"elementor-element elementor-element-e8ee461 elementor-widget elementor-widget-text-editor\" data-id=\"e8ee461\" data-element_type=\"widget\" data-widget_type=\"text-editor.default\">\n\t\t\t\t<div class=\"elementor-widget-container\">\n\t\t\t\t\t\t\t\t\t<p>1979 y\u0131l\u0131nda Malatya\u2019da do\u011fan Engin Meri\u00e7 ilk\u00f6\u011fretimine Malatya\u2019da tamamlad\u0131ktan sonra ortaokul ve lise e\u011fitimini Ayd\u0131n ilinde tamamlad\u0131 Sel\u00e7uk \u00dcniversitesi ve Ege \u00dcniversitesi m\u00fchendislik fak\u00fcltelerinde e\u011fitimini tamamlayan Engin Meri\u00e7 2004 y\u0131l\u0131nda Ayd\u0131n\u2019da Mrc elektronik g\u00fcvenlik \u015firketi ile sekt\u00f6re adimini att\u0131 2007 y\u0131l\u0131nda \u00f6zel g\u00fcvenlik e\u011fitiminde Nazilli\u2018de ilk okulunu kurdu daha sonra Efeler\u2018de S\u00f6ke\u2018de ve tekrar Efeler\u2018de ikincisi olmak \u00fczere D\u00f6rt tane \u00f6zel g\u00fcvenlik okulunun kuruculu\u011funu \u00fcstlendi halen MRC \u00f6zel g\u00fcvenlik \u015firketlerinin y\u00f6netim kurulu ba\u015fkanl\u0131\u011f\u0131n\u0131 yapmaktad\u0131r.<\/p><p>Ayn\u0131 zamanda G\u00f6kt\u00fcrkler \u00f6zel g\u00fcvenlik hizmetleri \u015firket kuruculu\u011funu da \u00fcstlenmektedir 17 y\u0131ld\u0131r Ayd\u0131n\u2019da \u00f6zel g\u00fcvenlik e\u011fitimi ve hizmetleri alan\u0131nda ticari faaliyetlerini devam ettirmektedir<\/p>\t\t\t\t\t\t\t\t<\/div>\n\t\t\t\t<\/div>\n\t\t\t\t\t<\/div>\n\t\t\t\t<\/div>\n\t\t\t\t<\/div>\n\t\t","protected":false},"excerpt":{"rendered":"<p>1979 y\u0131l\u0131nda Malatya\u2019da do\u011fan Engin Meri\u00e7 ilk\u00f6\u011fretimine Malatya\u2019da tamamlad\u0131ktan sonra ortaokul ve lise e\u011fitimini Ayd\u0131n ilinde tamamlad\u0131 Sel\u00e7uk \u00dcniversitesi ve Ege \u00dcniversitesi m\u00fchendislik fak\u00fcltelerinde e\u011fitimini tamamlayan Engin Meri\u00e7 2004 y\u0131l\u0131nda Ayd\u0131n\u2019da Mrc elektronik g\u00fcvenlik \u015firketi ile sekt\u00f6re adimini att\u0131 2007 y\u0131l\u0131nda \u00f6zel g\u00fcvenlik e\u011fitiminde Nazilli\u2018de ilk okulunu kurdu daha sonra Efeler\u2018de S\u00f6ke\u2018de ve tekrar Efeler\u2018de&#8230;<\/p>\n","protected":false},"author":1,"featured_media":0,"parent":0,"menu_order":0,"comment_status":"closed","ping_status":"closed","template":"","meta":{"_siteseo_robots_primary_cat":"","pagelayer_contact_templates":[],"_pagelayer_content":"","footnotes":""},"class_list":["post-2881","page","type-page","status-publish","hentry"],"_links":{"self":[{"href":"https:\/\/mrcguvenlik.com\/index.php?rest_route=\/wp\/v2\/pages\/2881","targetHints":{"allow":["GET"]}}],"collection":[{"href":"https:\/\/mrcguvenlik.com\/index.php?rest_route=\/wp\/v2\/pages"}],"about":[{"href":"https:\/\/mrcguvenlik.com\/index.php?rest_route=\/wp\/v2\/types\/page"}],"author":[{"embeddable":true,"href":"https:\/\/mrcguvenlik.com\/index.php?rest_route=\/wp\/v2\/users\/1"}],"replies":[{"embeddable":true,"href":"https:\/\/mrcguvenlik.com\/index.php?rest_route=%2Fwp%2Fv2%2Fcomments&post=2881"}],"version-history":[{"count":6,"href":"https:\/\/mrcguvenlik.com\/index.php?rest_route=\/wp\/v2\/pages\/2881\/revisions"}],"predecessor-version":[{"id":2897,"href":"https:\/\/mrcguvenlik.com\/index.php?rest_route=\/wp\/v2\/pages\/2881\/revisions\/2897"}],"wp:attachment":[{"href":"https:\/\/mrcguvenlik.com\/index.php?rest_route=%2Fwp%2Fv2%2Fmedia&parent=2881"}],"curies":[{"name":"wp","href":"https:\/\/api.w.org\/{rel}","templated":true}]}}